{"id":11531,"date":"2021-01-10T11:57:16","date_gmt":"2021-01-10T10:57:16","guid":{"rendered":"http:\/\/elektro-brettschneider.de\/?page_id=11531"},"modified":"2024-02-24T12:29:52","modified_gmt":"2024-02-24T11:29:52","slug":"brettschneider-elektro-datentechnik","status":"publish","type":"page","link":"https:\/\/elektro-brettschneider.de\/","title":{"rendered":"Brettschneider Elektro &#038; Datentechnik"},"content":{"rendered":"\n<p class=\"has-text-align-left\" style=\"font-size:18px\">Ihr Partner aus Celle ,wenn es um Ihr Projekt geht.<\/p>\n\n\n\n<p style=\"font-size:18px\"><strong>Leistungen:<\/strong><\/p>\n\n\n\n<p style=\"font-size:18px\">-Z\u00e4hlerschrank Erneuerung<\/p>\n\n\n\n<p style=\"font-size:18px\">-W\u00e4rmepumpen Anschluss elektrisch und Vorbereitung von 230V und 400V Abg\u00e4ngen<\/p>\n\n\n\n<p style=\"font-size:18px\">-Wallboxinstallation und Anmeldung<\/p>\n\n\n\n<p style=\"font-size:18px\">-PV-Anlageninstallation auf Flachd\u00e4chern<\/p>\n\n\n\n<p style=\"font-size:18px\">-PV-Anlagen Planungsunterst\u00fctzung<\/p>\n\n\n\n<p style=\"font-size:18px\">-Elektroinstallationen im Neubau und Altbau<\/p>\n\n\n\n<p style=\"font-size:18px\">-Lampen und Beleuchtungssysteme installieren<\/p>\n\n\n\n<p style=\"font-size:18px\">-Elektroger\u00e4te und elektrische Gro\u00dfger\u00e4te installieren und reparieren<\/p>\n\n\n\n<p style=\"font-size:18px\">-Smart Home und Heimautomatisierung <\/p>\n\n\n\n<p style=\"font-size:18px\">-KNX Anlagen &#8211; Installation und Programmierung<\/p>\n\n\n\n<p style=\"font-size:18px\">-MSR Anlagen \/ Programmierung \/ Inbetriebnahme \/ Reparatur mit Siemens und Wago<\/p>\n\n\n\n<p style=\"font-size:18px\">-E-Check<\/p>\n\n\n\n<p style=\"font-size:18px\">-Z\u00e4hlertausch f\u00fcr MSB<\/p>\n\n\n\n<p style=\"font-size:18px\">-T\u00fcrsprechanlagen \/ Videot\u00fcrsprechanlagen<\/p>\n\n\n\n<p style=\"font-size:18px\"><\/p>\n\n\n\n<p style=\"font-size:18px\"><strong>Wartungen:<\/strong><\/p>\n\n\n\n<p style=\"font-size:18px\">-Schaltschr\u00e4nke <\/p>\n\n\n\n<p style=\"font-size:18px\">-L\u00fcftungsanlagen<\/p>\n\n\n\n<p style=\"font-size:18px\">-Heizungssteuerung &#8211; Ventilantriebe \/ Pumpen usw.<\/p>\n\n\n\n<p style=\"font-size:18px\">-Pr\u00fcfung nach DGUV3 <\/p>\n","protected":false},"excerpt":{"rendered":"<p>Ihr Partner aus Celle ,wenn es um Ihr Projekt geht. Leistungen: -Z\u00e4hlerschrank Erneuerung -W\u00e4rmepumpen Anschluss elektrisch und Vorbereitung von 230V und 400V Abg\u00e4ngen -Wallboxinstallation und Anmeldung -PV-Anlageninstallation auf Flachd\u00e4chern -PV-Anlagen Planungsunterst\u00fctzung -Elektroinstallationen im Neubau und Altbau -Lampen und Beleuchtungssysteme installieren -Elektroger\u00e4te und elektrische Gro\u00dfger\u00e4te installieren und reparieren -Smart Home und Heimautomatisierung -KNX Anlagen &#8211; Installation<\/p>\n","protected":false},"author":1,"featured_media":0,"parent":0,"menu_order":0,"comment_status":"closed","ping_status":"closed","template":"","meta":{"footnotes":""},"class_list":["post-11531","page","type-page","status-publish","hentry"],"_links":{"self":[{"href":"https:\/\/elektro-brettschneider.de\/index.php\/wp-json\/wp\/v2\/pages\/11531","targetHints":{"allow":["GET"]}}],"collection":[{"href":"https:\/\/elektro-brettschneider.de\/index.php\/wp-json\/wp\/v2\/pages"}],"about":[{"href":"https:\/\/elektro-brettschneider.de\/index.php\/wp-json\/wp\/v2\/types\/page"}],"author":[{"embeddable":true,"href":"https:\/\/elektro-brettschneider.de\/index.php\/wp-json\/wp\/v2\/users\/1"}],"replies":[{"embeddable":true,"href":"https:\/\/elektro-brettschneider.de\/index.php\/wp-json\/wp\/v2\/comments?post=11531"}],"version-history":[{"count":17,"href":"https:\/\/elektro-brettschneider.de\/index.php\/wp-json\/wp\/v2\/pages\/11531\/revisions"}],"predecessor-version":[{"id":11668,"href":"https:\/\/elektro-brettschneider.de\/index.php\/wp-json\/wp\/v2\/pages\/11531\/revisions\/11668"}],"wp:attachment":[{"href":"https:\/\/elektro-brettschneider.de\/index.php\/wp-json\/wp\/v2\/media?parent=11531"}],"curies":[{"name":"wp","href":"https:\/\/api.w.org\/{rel}","templated":true}]}}